{"id":698,"date":"2022-09-09T12:31:17","date_gmt":"2022-09-09T12:31:17","guid":{"rendered":"https:\/\/startersites.io\/elementor\/gadgets\/?page_id=698"},"modified":"2026-04-26T08:03:33","modified_gmt":"2026-04-26T08:03:33","slug":"nosotros","status":"publish","type":"page","link":"https:\/\/www.termasgirasol.com\/index.php\/nosotros\/","title":{"rendered":"Nosotros"},"content":{"rendered":"\t\t<div data-elementor-type=\"wp-page\" data-elementor-id=\"698\" class=\"elementor elementor-698\">\n\t\t\t\t<div class=\"elementor-element elementor-element-b5edf52 e-flex e-con-boxed e-con e-parent\" data-id=\"b5edf52\" data-element_type=\"container\" data-e-type=\"container\" data-settings=\"{&quot;background_background&quot;:&quot;classic&quot;}\">\n\t\t\t\t\t<div class=\"e-con-inner\">\n\t\t\t\t\t<\/div>\n\t\t\t\t<\/div>\n\t\t<div class=\"elementor-element elementor-element-39815f6 e-flex e-con-boxed e-con e-parent\" data-id=\"39815f6\" data-element_type=\"container\" data-e-type=\"container\">\n\t\t\t\t\t<div class=\"e-con-inner\">\n\t\t<div class=\"elementor-element elementor-element-2dbdb0b e-con-full e-flex e-con e-child\" data-id=\"2dbdb0b\" data-element_type=\"container\" data-e-type=\"container\">\n\t\t<div class=\"elementor-element elementor-element-d832c37 e-con-full e-flex e-con e-child\" data-id=\"d832c37\" data-element_type=\"container\" data-e-type=\"container\">\n\t\t\t\t<div class=\"elementor-element elementor-element-b5c101e elementor-widget elementor-widget-heading\" data-id=\"b5c101e\" data-element_type=\"widget\" data-e-type=\"widget\" data-widget_type=\"heading.default\">\n\t\t\t\t<div class=\"elementor-widget-container\">\n\t\t\t\t\t<h3 class=\"elementor-heading-title elementor-size-default\">Empezamos cuando pocos apostaban por la energ\u00eda solar.<\/h3>\t\t\t\t<\/div>\n\t\t\t\t<\/div>\n\t\t\t\t<div class=\"elementor-element elementor-element-7db6660 elementor-widget elementor-widget-text-editor\" data-id=\"7db6660\" data-element_type=\"widget\" data-e-type=\"widget\" data-widget_type=\"text-editor.default\">\n\t\t\t\t<div class=\"elementor-widget-container\">\n\t\t\t\t\t\t\t\t\t<div>Girasol naci\u00f3 en Arequipa con una idea simple: que las familias de la regi\u00f3n pudieran tener agua caliente de verdad, sin depender de la luz el\u00e9ctrica ni del gas, y sin pagar de m\u00e1s cada mes.<\/div><div>Con los a\u00f1os fuimos creciendo \u2014 m\u00e1s modelos, m\u00e1s capacidades, m\u00e1s experiencia \u2014 pero sin perder lo que nos define: ser una empresa local, con equipo propio, que conoce el mercado arequipe\u00f1o porque vive en \u00e9l.<\/div><div>Hoy somos una empresa consolidada con cientas de instalaciones a nuestras espaldas. La mayor\u00eda de nuestros clientes llegaron por recomendaci\u00f3n de alguien que ya confi\u00f3 en nosotros. Eso lo dice todo.<\/div>\t\t\t\t\t\t\t\t<\/div>\n\t\t\t\t<\/div>\n\t\t\t\t<\/div>\n\t\t\t\t<\/div>\n\t\t<div class=\"elementor-element elementor-element-8fd8a19 e-con-full e-flex e-con e-child\" data-id=\"8fd8a19\" data-element_type=\"container\" data-e-type=\"container\">\n\t\t\t\t<div class=\"elementor-element elementor-element-4779298 elementor-widget__width-inherit elementor-arrows-position-inside elementor-pagination-position-outside elementor-widget elementor-widget-image-carousel\" data-id=\"4779298\" data-element_type=\"widget\" data-e-type=\"widget\" data-settings=\"{&quot;slides_to_show&quot;:&quot;1&quot;,&quot;navigation&quot;:&quot;both&quot;,&quot;autoplay&quot;:&quot;yes&quot;,&quot;pause_on_hover&quot;:&quot;yes&quot;,&quot;pause_on_interaction&quot;:&quot;yes&quot;,&quot;autoplay_speed&quot;:5000,&quot;infinite&quot;:&quot;yes&quot;,&quot;effect&quot;:&quot;slide&quot;,&quot;speed&quot;:500}\" data-widget_type=\"image-carousel.default\">\n\t\t\t\t<div class=\"elementor-widget-container\">\n\t\t\t\t\t\t\t<div class=\"elementor-image-carousel-wrapper swiper\" role=\"region\" aria-roledescription=\"carousel\" aria-label=\"Carrusel de im\u00e1genes\" dir=\"ltr\">\n\t\t\t<div class=\"elementor-image-carousel swiper-wrapper\" aria-live=\"off\">\n\t\t\t\t\t\t\t\t<div class=\"swiper-slide\" role=\"group\" aria-roledescription=\"slide\" aria-label=\"1 de 1\"><figure class=\"swiper-slide-inner\"><img decoding=\"async\" class=\"swiper-slide-image\" src=\"https:\/\/www.termasgirasol.com\/wp-content\/uploads\/2026\/04\/TERMA-GIRASOL-ABOUT-2.png\" alt=\"TERMA GIRASOL ABOUT\" \/><\/figure><\/div>\t\t\t<\/div>\n\t\t\t\t\t<\/div>\n\t\t\t\t\t\t<\/div>\n\t\t\t\t<\/div>\n\t\t\t\t<\/div>\n\t\t\t\t\t<\/div>\n\t\t\t\t<\/div>\n\t\t\t\t<\/div>\n\t\t","protected":false},"excerpt":{"rendered":"<p>Empezamos cuando pocos apostaban por la energ\u00eda solar. Girasol naci\u00f3 en Arequipa con una idea simple: que las familias de la regi\u00f3n pudieran tener agua caliente de verdad, sin depender de la luz el\u00e9ctrica ni del gas, y sin pagar de m\u00e1s cada mes.Con los a\u00f1os fuimos creciendo \u2014 m\u00e1s modelos, m\u00e1s capacidades, m\u00e1s experiencia [&hellip;]<\/p>\n","protected":false},"author":1,"featured_media":0,"parent":0,"menu_order":0,"comment_status":"closed","ping_status":"closed","template":"","meta":{"_joinchat":[],"footnotes":""},"class_list":["post-698","page","type-page","status-publish","hentry"],"blocksy_meta":{"page_title_panel":"","has_hero_section":"disabled","44aba6825f3f695b34ff7f5938af02e4":"","hero_section":"type-1","hero_elements":[{"id":"custom_title","enabled":true,"heading_tag":"h1","title":"Home"},{"id":"custom_description","enabled":true,"description_visibility":{"desktop":true,"tablet":true,"mobile":false}},{"id":"custom_meta","enabled":false,"meta_elements":[{"id":"author","enabled":true,"label":"By","has_author_avatar":"yes","avatar_size":25},{"id":"post_date","enabled":true,"label":"On","date_format_source":"default","date_format":"M j, Y"},{"id":"updated_date","enabled":false,"label":"On","date_format_source":"default","date_format":"M j, Y"},{"id":"categories","enabled":false,"label":"In","style":"simple"},{"id":"comments","enabled":true}],"page_meta_elements":{"joined":true,"articles_count":true,"comments":true}},{"id":"breadcrumbs","enabled":false}],"0662b16171993dcc28750591d2c44dc2":"","hero_alignment1":"CT_CSS_SKIP_RULE","hero_margin":40,"hero_alignment2":"center","hero_vertical_alignment":"center","ec1f2a1ce54454f4acf89720477b7047":"","hero_structure":"narrow","367c1f360f7821105b4a996429833deb":"","page_title_bg_type":"featured_image","custom_hero_background":{"attachment_id":null},"page_title_image_size":"full","parallax":{"desktop":false,"tablet":false,"mobile":false},"2d9eb71dff97835f1ffa054857a6df1b":"","hero_height":"250px","pageTitleFont":{"family":"Default","variation":"Default","size":"30px","line-height":"CT_CSS_SKIP_RULE","letter-spacing":"CT_CSS_SKIP_RULE","text-transform":"CT_CSS_SKIP_RULE","text-decoration":"CT_CSS_SKIP_RULE"},"pageTitleFontColor":{"default":{"color":"CT_CSS_SKIP_RULEDEFAULT"}},"pageMetaFont":{"family":"Default","variation":"n6","size":"12px","line-height":"1.3","letter-spacing":"CT_CSS_SKIP_RULE","text-transform":"uppercase","text-decoration":"CT_CSS_SKIP_RULE"},"pageMetaFontColor":{"default":{"color":"CT_CSS_SKIP_RULEDEFAULT"},"hover":{"color":"CT_CSS_SKIP_RULEDEFAULT"}},"page_meta_button_type_font_colors":{"default":{"color":"CT_CSS_SKIP_RULEDEFAULT"},"hover":{"color":"CT_CSS_SKIP_RULEDEFAULT"}},"page_meta_button_type_background_colors":{"default":{"color":"CT_CSS_SKIP_RULEDEFAULT"},"hover":{"color":"CT_CSS_SKIP_RULEDEFAULT"}},"pageExcerptFont":{"family":"Default","variation":"Default","size":"CT_CSS_SKIP_RULE","line-height":"CT_CSS_SKIP_RULE","letter-spacing":"CT_CSS_SKIP_RULE","text-transform":"CT_CSS_SKIP_RULE","text-decoration":"CT_CSS_SKIP_RULE"},"pageExcerptColor":{"default":{"color":"CT_CSS_SKIP_RULEDEFAULT"}},"breadcrumbsFont":{"family":"Default","variation":"Default","size":"CT_CSS_SKIP_RULE","line-height":"CT_CSS_SKIP_RULE","letter-spacing":"CT_CSS_SKIP_RULE","text-transform":"CT_CSS_SKIP_RULE","text-decoration":"CT_CSS_SKIP_RULE"},"breadcrumbsFontColor":{"default":{"color":"CT_CSS_SKIP_RULEDEFAULT"},"initial":{"color":"CT_CSS_SKIP_RULEDEFAULT"},"hover":{"color":"CT_CSS_SKIP_RULEDEFAULT"}},"pageTitleOverlay":{"background_type":"color","background_pattern":"type-1","background_image":{"attachment_id":null,"x":0,"y":0},"gradient":"linear-gradient(135deg,rgba(6,147,227,1) 0%,rgb(155,81,224) 100%)","background_repeat":"repeat","background_size":"auto","background_attachment":"scroll","patternColor":{"default":{"color":"#e5e7ea"}},"overlayColor":{"default":{"color":"CT_CSS_SKIP_RULE"}},"backgroundColor":{"default":{"color":"CT_CSS_SKIP_RULE"}}},"pageTitleBackground":{"background_type":"color","background_pattern":"type-1","background_image":{"attachment_id":null,"x":0,"y":0},"gradient":"linear-gradient(135deg,rgba(6,147,227,1) 0%,rgb(155,81,224) 100%)","background_repeat":"repeat","background_size":"auto","background_attachment":"scroll","patternColor":{"default":{"color":"#e5e7ea"}},"overlayColor":{"default":{"color":"CT_CSS_SKIP_RULE"}},"backgroundColor":{"default":{"color":"var(--theme-palette-color-6)"}}},"pageTitlePadding":{"top":"50px","bottom":"50px","left":"auto","right":"auto","linked":true},"a75f06046ec1a5b30d07341335351f04":"","page_structure_type":"default","14ae5c6fee8143226c976636cc8ae4e0":"","content_style_source":"inherit","content_style":"wide","vertical_spacing_source":"custom","content_area_spacing":"none","background":{"background_type":"color","background_pattern":"type-1","background_image":{"attachment_id":null,"x":0,"y":0},"gradient":"linear-gradient(135deg,rgba(6,147,227,1) 0%,rgb(155,81,224) 100%)","background_repeat":"repeat","background_size":"auto","background_attachment":"scroll","patternColor":{"default":{"color":"#e5e7ea"}},"overlayColor":{"default":{"color":"CT_CSS_SKIP_RULE"}},"backgroundColor":{"default":{"color":"CT_CSS_SKIP_RULE"}}},"content_background":{"background_type":"color","background_pattern":"type-1","background_image":{"attachment_id":null,"x":0,"y":0},"gradient":"linear-gradient(135deg,rgba(6,147,227,1) 0%,rgb(155,81,224) 100%)","background_repeat":"repeat","background_size":"auto","background_attachment":"scroll","patternColor":{"default":{"color":"#e5e7ea"}},"overlayColor":{"default":{"color":"CT_CSS_SKIP_RULE"}},"backgroundColor":{"default":{"color":"var(--theme-palette-color-8)"}}},"content_boxed_shadow":{"inherit":false,"blur":18,"spread":-6,"v_offset":12,"h_offset":0,"inset":false,"enable":true,"color":{"color":"rgba(34, 56, 101, 0.04)"}},"content_boxed_border":{"width":1,"style":"none","color":{"color":"rgba(44,62,80,0.2)"}},"content_boxed_radius":{"top":"3px","bottom":"3px","left":"3px","right":"3px","linked":true},"boxed_content_spacing":{"desktop":{"top":"40px","bottom":"40px","left":"40px","right":"40px","linked":true},"tablet":{"top":"35px","bottom":"35px","left":"35px","right":"35px","linked":true},"mobile":{"top":"20px","bottom":"20px","left":"20px","right":"20px","linked":true}},"98280511bbd1dccaacef82151bbf4f04":"","disable_featured_image":"no","disable_share_box":"no","disable_header":"no","disable_footer":"no","styles_descriptor":{"styles":{"desktop":"","tablet":"","mobile":""},"google_fonts":[],"version":6}},"yoast_head":"<!-- This site is optimized with the Yoast SEO plugin v27.4 - https:\/\/yoast.com\/product\/yoast-seo-wordpress\/ -->\n<title>Nosotros | Termas Girasol<\/title>\n<meta name=\"robots\" content=\"index, follow, max-snippet:-1, max-image-preview:large, max-video-preview:-1\" \/>\n<link rel=\"canonical\" href=\"https:\/\/www.termasgirasol.com\/index.php\/nosotros\/\" \/>\n<meta property=\"og:locale\" content=\"es_ES\" \/>\n<meta property=\"og:type\" content=\"article\" \/>\n<meta property=\"og:title\" content=\"Nosotros | Termas Girasol\" \/>\n<meta property=\"og:description\" content=\"Empezamos cuando pocos apostaban por la energ\u00eda solar. Girasol naci\u00f3 en Arequipa con una idea simple: que las familias de la regi\u00f3n pudieran tener agua caliente de verdad, sin depender de la luz el\u00e9ctrica ni del gas, y sin pagar de m\u00e1s cada mes.Con los a\u00f1os fuimos creciendo \u2014 m\u00e1s modelos, m\u00e1s capacidades, m\u00e1s experiencia [&hellip;]\" \/>\n<meta property=\"og:url\" content=\"https:\/\/www.termasgirasol.com\/index.php\/nosotros\/\" \/>\n<meta property=\"og:site_name\" content=\"Termas Girasol\" \/>\n<meta property=\"article:publisher\" content=\"https:\/\/www.facebook.com\/TermasGirasol.Arequipa\/\" \/>\n<meta property=\"article:modified_time\" content=\"2026-04-26T08:03:33+00:00\" \/>\n<meta property=\"og:image\" content=\"https:\/\/www.termasgirasol.com\/wp-content\/uploads\/2026\/04\/TERMA-GIRASOL-ABOUT-2.png\" \/>\n<meta name=\"twitter:card\" content=\"summary_large_image\" \/>\n<meta name=\"twitter:label1\" content=\"Tiempo de lectura\" \/>\n\t<meta name=\"twitter:data1\" content=\"1 minuto\" \/>\n<script type=\"application\/ld+json\" class=\"yoast-schema-graph\">{\"@context\":\"https:\\\/\\\/schema.org\",\"@graph\":[{\"@type\":\"WebPage\",\"@id\":\"https:\\\/\\\/www.termasgirasol.com\\\/index.php\\\/nosotros\\\/\",\"url\":\"https:\\\/\\\/www.termasgirasol.com\\\/index.php\\\/nosotros\\\/\",\"name\":\"Nosotros | Termas Girasol\",\"isPartOf\":{\"@id\":\"https:\\\/\\\/www.termasgirasol.com\\\/#website\"},\"primaryImageOfPage\":{\"@id\":\"https:\\\/\\\/www.termasgirasol.com\\\/index.php\\\/nosotros\\\/#primaryimage\"},\"image\":{\"@id\":\"https:\\\/\\\/www.termasgirasol.com\\\/index.php\\\/nosotros\\\/#primaryimage\"},\"thumbnailUrl\":\"https:\\\/\\\/www.termasgirasol.com\\\/wp-content\\\/uploads\\\/2026\\\/04\\\/TERMA-GIRASOL-ABOUT-2.png\",\"datePublished\":\"2022-09-09T12:31:17+00:00\",\"dateModified\":\"2026-04-26T08:03:33+00:00\",\"breadcrumb\":{\"@id\":\"https:\\\/\\\/www.termasgirasol.com\\\/index.php\\\/nosotros\\\/#breadcrumb\"},\"inLanguage\":\"es\",\"potentialAction\":[{\"@type\":\"ReadAction\",\"target\":[\"https:\\\/\\\/www.termasgirasol.com\\\/index.php\\\/nosotros\\\/\"]}]},{\"@type\":\"ImageObject\",\"inLanguage\":\"es\",\"@id\":\"https:\\\/\\\/www.termasgirasol.com\\\/index.php\\\/nosotros\\\/#primaryimage\",\"url\":\"https:\\\/\\\/www.termasgirasol.com\\\/wp-content\\\/uploads\\\/2026\\\/04\\\/TERMA-GIRASOL-ABOUT-2.png\",\"contentUrl\":\"https:\\\/\\\/www.termasgirasol.com\\\/wp-content\\\/uploads\\\/2026\\\/04\\\/TERMA-GIRASOL-ABOUT-2.png\",\"width\":832,\"height\":832},{\"@type\":\"BreadcrumbList\",\"@id\":\"https:\\\/\\\/www.termasgirasol.com\\\/index.php\\\/nosotros\\\/#breadcrumb\",\"itemListElement\":[{\"@type\":\"ListItem\",\"position\":1,\"name\":\"Portada\",\"item\":\"https:\\\/\\\/www.termasgirasol.com\\\/\"},{\"@type\":\"ListItem\",\"position\":2,\"name\":\"Nosotros\"}]},{\"@type\":\"WebSite\",\"@id\":\"https:\\\/\\\/www.termasgirasol.com\\\/#website\",\"url\":\"https:\\\/\\\/www.termasgirasol.com\\\/\",\"name\":\"Termas Girasol\",\"description\":\"Termas Girasol en Arequipa: fabricamos y vendemos nuestras propias termas solares de acero inoxidable y cobre. Agua caliente confiable, ahorro energ\u00e9tico y durabilidad para hogares y negocios.\",\"publisher\":{\"@id\":\"https:\\\/\\\/www.termasgirasol.com\\\/#organization\"},\"potentialAction\":[{\"@type\":\"SearchAction\",\"target\":{\"@type\":\"EntryPoint\",\"urlTemplate\":\"https:\\\/\\\/www.termasgirasol.com\\\/?s={search_term_string}\"},\"query-input\":{\"@type\":\"PropertyValueSpecification\",\"valueRequired\":true,\"valueName\":\"search_term_string\"}}],\"inLanguage\":\"es\"},{\"@type\":\"Organization\",\"@id\":\"https:\\\/\\\/www.termasgirasol.com\\\/#organization\",\"name\":\"Termas Girasol\",\"url\":\"https:\\\/\\\/www.termasgirasol.com\\\/\",\"logo\":{\"@type\":\"ImageObject\",\"inLanguage\":\"es\",\"@id\":\"https:\\\/\\\/www.termasgirasol.com\\\/#\\\/schema\\\/logo\\\/image\\\/\",\"url\":\"https:\\\/\\\/www.termasgirasol.com\\\/wp-content\\\/uploads\\\/2026\\\/04\\\/LOGOTIPO-TERMAS-GIRASOL.jpg\",\"contentUrl\":\"https:\\\/\\\/www.termasgirasol.com\\\/wp-content\\\/uploads\\\/2026\\\/04\\\/LOGOTIPO-TERMAS-GIRASOL.jpg\",\"width\":1531,\"height\":495,\"caption\":\"Termas Girasol\"},\"image\":{\"@id\":\"https:\\\/\\\/www.termasgirasol.com\\\/#\\\/schema\\\/logo\\\/image\\\/\"},\"sameAs\":[\"https:\\\/\\\/www.facebook.com\\\/TermasGirasol.Arequipa\\\/\"]}]}<\/script>\n<!-- \/ Yoast SEO plugin. -->","yoast_head_json":{"title":"Nosotros | Termas Girasol","robots":{"index":"index","follow":"follow","max-snippet":"max-snippet:-1","max-image-preview":"max-image-preview:large","max-video-preview":"max-video-preview:-1"},"canonical":"https:\/\/www.termasgirasol.com\/index.php\/nosotros\/","og_locale":"es_ES","og_type":"article","og_title":"Nosotros | Termas Girasol","og_description":"Empezamos cuando pocos apostaban por la energ\u00eda solar. Girasol naci\u00f3 en Arequipa con una idea simple: que las familias de la regi\u00f3n pudieran tener agua caliente de verdad, sin depender de la luz el\u00e9ctrica ni del gas, y sin pagar de m\u00e1s cada mes.Con los a\u00f1os fuimos creciendo \u2014 m\u00e1s modelos, m\u00e1s capacidades, m\u00e1s experiencia [&hellip;]","og_url":"https:\/\/www.termasgirasol.com\/index.php\/nosotros\/","og_site_name":"Termas Girasol","article_publisher":"https:\/\/www.facebook.com\/TermasGirasol.Arequipa\/","article_modified_time":"2026-04-26T08:03:33+00:00","og_image":[{"url":"https:\/\/www.termasgirasol.com\/wp-content\/uploads\/2026\/04\/TERMA-GIRASOL-ABOUT-2.png","type":"","width":"","height":""}],"twitter_card":"summary_large_image","twitter_misc":{"Tiempo de lectura":"1 minuto"},"schema":{"@context":"https:\/\/schema.org","@graph":[{"@type":"WebPage","@id":"https:\/\/www.termasgirasol.com\/index.php\/nosotros\/","url":"https:\/\/www.termasgirasol.com\/index.php\/nosotros\/","name":"Nosotros | Termas Girasol","isPartOf":{"@id":"https:\/\/www.termasgirasol.com\/#website"},"primaryImageOfPage":{"@id":"https:\/\/www.termasgirasol.com\/index.php\/nosotros\/#primaryimage"},"image":{"@id":"https:\/\/www.termasgirasol.com\/index.php\/nosotros\/#primaryimage"},"thumbnailUrl":"https:\/\/www.termasgirasol.com\/wp-content\/uploads\/2026\/04\/TERMA-GIRASOL-ABOUT-2.png","datePublished":"2022-09-09T12:31:17+00:00","dateModified":"2026-04-26T08:03:33+00:00","breadcrumb":{"@id":"https:\/\/www.termasgirasol.com\/index.php\/nosotros\/#breadcrumb"},"inLanguage":"es","potentialAction":[{"@type":"ReadAction","target":["https:\/\/www.termasgirasol.com\/index.php\/nosotros\/"]}]},{"@type":"ImageObject","inLanguage":"es","@id":"https:\/\/www.termasgirasol.com\/index.php\/nosotros\/#primaryimage","url":"https:\/\/www.termasgirasol.com\/wp-content\/uploads\/2026\/04\/TERMA-GIRASOL-ABOUT-2.png","contentUrl":"https:\/\/www.termasgirasol.com\/wp-content\/uploads\/2026\/04\/TERMA-GIRASOL-ABOUT-2.png","width":832,"height":832},{"@type":"BreadcrumbList","@id":"https:\/\/www.termasgirasol.com\/index.php\/nosotros\/#breadcrumb","itemListElement":[{"@type":"ListItem","position":1,"name":"Portada","item":"https:\/\/www.termasgirasol.com\/"},{"@type":"ListItem","position":2,"name":"Nosotros"}]},{"@type":"WebSite","@id":"https:\/\/www.termasgirasol.com\/#website","url":"https:\/\/www.termasgirasol.com\/","name":"Termas Girasol","description":"Termas Girasol en Arequipa: fabricamos y vendemos nuestras propias termas solares de acero inoxidable y cobre. Agua caliente confiable, ahorro energ\u00e9tico y durabilidad para hogares y negocios.","publisher":{"@id":"https:\/\/www.termasgirasol.com\/#organization"},"potentialAction":[{"@type":"SearchAction","target":{"@type":"EntryPoint","urlTemplate":"https:\/\/www.termasgirasol.com\/?s={search_term_string}"},"query-input":{"@type":"PropertyValueSpecification","valueRequired":true,"valueName":"search_term_string"}}],"inLanguage":"es"},{"@type":"Organization","@id":"https:\/\/www.termasgirasol.com\/#organization","name":"Termas Girasol","url":"https:\/\/www.termasgirasol.com\/","logo":{"@type":"ImageObject","inLanguage":"es","@id":"https:\/\/www.termasgirasol.com\/#\/schema\/logo\/image\/","url":"https:\/\/www.termasgirasol.com\/wp-content\/uploads\/2026\/04\/LOGOTIPO-TERMAS-GIRASOL.jpg","contentUrl":"https:\/\/www.termasgirasol.com\/wp-content\/uploads\/2026\/04\/LOGOTIPO-TERMAS-GIRASOL.jpg","width":1531,"height":495,"caption":"Termas Girasol"},"image":{"@id":"https:\/\/www.termasgirasol.com\/#\/schema\/logo\/image\/"},"sameAs":["https:\/\/www.facebook.com\/TermasGirasol.Arequipa\/"]}]}},"_links":{"self":[{"href":"https:\/\/www.termasgirasol.com\/index.php\/wp-json\/wp\/v2\/pages\/698","targetHints":{"allow":["GET"]}}],"collection":[{"href":"https:\/\/www.termasgirasol.com\/index.php\/wp-json\/wp\/v2\/pages"}],"about":[{"href":"https:\/\/www.termasgirasol.com\/index.php\/wp-json\/wp\/v2\/types\/page"}],"author":[{"embeddable":true,"href":"https:\/\/www.termasgirasol.com\/index.php\/wp-json\/wp\/v2\/users\/1"}],"replies":[{"embeddable":true,"href":"https:\/\/www.termasgirasol.com\/index.php\/wp-json\/wp\/v2\/comments?post=698"}],"version-history":[{"count":25,"href":"https:\/\/www.termasgirasol.com\/index.php\/wp-json\/wp\/v2\/pages\/698\/revisions"}],"predecessor-version":[{"id":1263,"href":"https:\/\/www.termasgirasol.com\/index.php\/wp-json\/wp\/v2\/pages\/698\/revisions\/1263"}],"wp:attachment":[{"href":"https:\/\/www.termasgirasol.com\/index.php\/wp-json\/wp\/v2\/media?parent=698"}],"curies":[{"name":"wp","href":"https:\/\/api.w.org\/{rel}","templated":true}]}}