{"id":222,"date":"2020-05-07T20:48:55","date_gmt":"2020-05-07T20:48:55","guid":{"rendered":"https:\/\/www.termasgirasol.com\/?post_type=product&#038;p=222"},"modified":"2026-04-27T09:45:48","modified_gmt":"2026-04-27T09:45:48","slug":"terma-solar-120-litros","status":"publish","type":"product","link":"https:\/\/www.termasgirasol.com\/index.php\/producto\/terma-solar-120-litros\/","title":{"rendered":"Terma Solar 120 Litros"},"content":{"rendered":"<p data-start=\"482\" data-end=\"704\">La <strong data-start=\"485\" data-end=\"523\">Terma Solar Girasol de 120 litros<\/strong> est\u00e1 dise\u00f1ada para ofrecer agua caliente eficiente y constante, ideal para <strong data-start=\"599\" data-end=\"630\">hogares peque\u00f1os o medianos<\/strong>, cubriendo aproximadamente <strong data-start=\"658\" data-end=\"679\">3\u20134 duchas al d\u00eda<\/strong> para <strong data-start=\"685\" data-end=\"701\">2\u20133 personas<\/strong>.<\/p>\n<p data-start=\"706\" data-end=\"1096\">Su tanque interno es de <strong data-start=\"730\" data-end=\"762\">acero inoxidable 304 de 2 mm<\/strong>, con <strong data-start=\"768\" data-end=\"798\">niples de acero inoxidable<\/strong> y soldadura profesional TIG, garantizando resistencia y larga vida \u00fatil. Incluye un <strong data-start=\"883\" data-end=\"901\">colector solar<\/strong> con rejilla de tuber\u00eda de cobre r\u00edgido (3\/4 y 3\/8), adaptadores de cobre, contraplacado tipo Omega y cristal medio doble, con marco de aluminio, optimizando la absorci\u00f3n de la energ\u00eda del sol.<\/p>\n<p data-start=\"1098\" data-end=\"1439\">El soporte met\u00e1lico incluido asegura que el tanque quede firme y nivelado. Funciona mediante <strong data-start=\"1191\" data-end=\"1216\">sistema termosif\u00f3nico<\/strong>, con entrada de agua fr\u00eda y salida de agua caliente, soportando una <strong data-start=\"1285\" data-end=\"1316\">presi\u00f3n de trabajo de 4 Bar<\/strong>. El sistema el\u00e9ctrico opcional permite un respaldo de 2000 W con termostato (43\u00b0C\u201377\u00b0C) en d\u00edas de baja radiaci\u00f3n solar.<\/p>\n<p data-start=\"1441\" data-end=\"1659\">El \u00e1rea de instalaci\u00f3n recomendada es de <strong data-start=\"1482\" data-end=\"1501\">2,80 m x 2,00 m<\/strong>, garantizando un montaje seguro y eficiente. La garant\u00eda cubre <strong data-start=\"1565\" data-end=\"1591\">3 a\u00f1os por fabricaci\u00f3n<\/strong> y <strong data-start=\"1594\" data-end=\"1615\">1 a\u00f1o de servicio<\/strong> ante fugas o problemas en la instalaci\u00f3n.<\/p>\n","protected":false},"excerpt":{"rendered":"<ul data-start=\"1782\" data-end=\"2479\">\n<li data-section-id=\"xchs0\" data-start=\"1782\" data-end=\"1862\">Capacidad: <strong data-start=\"1795\" data-end=\"1809\">120 litros<\/strong>, ideal para <strong data-start=\"1822\" data-end=\"1859\">3\u20134 duchas diarias<\/strong>.<\/li>\n<li data-section-id=\"16x5avl\" data-start=\"1863\" data-end=\"1917\">Tanque interno de <strong data-start=\"1883\" data-end=\"1907\">acero inoxidable 304<\/strong> (2 mm). soldadura TIG .<\/li>\n<li>Aislamiento t\u00e9rmico.<\/li>\n<li>Acabado en acero inoxidable brillante.<\/li>\n<li data-section-id=\"10laicl\" data-start=\"1971\" data-end=\"2069\"><strong data-start=\"1973\" data-end=\"1991\">Colector solar<\/strong> con tuber\u00eda de cobre r\u00edgido , adaptadores y cristal medio doble.<\/li>\n<li data-section-id=\"1f74hpm\" data-start=\"2070\" data-end=\"2119\">Contraplacado tipo Omega y marco de aluminio.<\/li>\n<li data-section-id=\"czju7e\" data-start=\"2120\" data-end=\"2198\"><strong data-start=\"2122\" data-end=\"2147\">Sistema termosif\u00f3nico<\/strong>: entrada de agua fr\u00eda y salida de agua caliente.<\/li>\n<li data-section-id=\"1iz3drt\" data-start=\"2199\" data-end=\"2229\">Presi\u00f3n de trabajo: 4 Bar.<\/li>\n<li data-section-id=\"si2z0v\" data-start=\"2230\" data-end=\"2296\">Sistema el\u00e9ctrico(Opcional costo adicional )<\/li>\n<li>l: 2000 W con termostato (43\u00b0C\u201377\u00b0C).<\/li>\n<li data-section-id=\"j5apen\" data-start=\"2297\" data-end=\"2345\">Soporte met\u00e1lico incluido, firme y nivelado.<\/li>\n<li data-section-id=\"qjkusc\" data-start=\"2346\" data-end=\"2399\">\u00c1rea de instalaci\u00f3n recomendada: 2,80 m x 2,00 m.<\/li>\n<li data-section-id=\"5emxl3\" data-start=\"2400\" data-end=\"2479\">Garant\u00eda: 3 a\u00f1os en fabricaci\u00f3n, 1 a\u00f1o en servicios y fugas de instalaci\u00f3n.<\/li>\n<\/ul>\n","protected":false},"featured_media":1322,"template":"","meta":{"_joinchat":[]},"product_brand":[],"product_cat":[30],"product_tag":[],"class_list":{"0":"post-222","1":"product","2":"type-product","3":"status-publish","4":"has-post-thumbnail","6":"product_cat-termas","8":"first","9":"instock","10":"shipping-taxable","11":"purchasable","12":"product-type-simple"},"yoast_head":"<!-- This site is optimized with the Yoast SEO plugin v27.4 - https:\/\/yoast.com\/product\/yoast-seo-wordpress\/ -->\n<title>Terma Solar 120 Litros | Termas Girasol<\/title>\n<meta name=\"description\" content=\"Venta de termas solares Girasol 120 L con base en Arequipa. Acero inoxidable, cobre y soldadura TIG. Agua caliente confiable y ahorro energ\u00e9tico\" \/>\n<meta name=\"robots\" content=\"index, follow, max-snippet:-1, max-image-preview:large, max-video-preview:-1\" \/>\n<link rel=\"canonical\" href=\"https:\/\/www.termasgirasol.com\/index.php\/producto\/terma-solar-120-litros\/\" \/>\n<meta property=\"og:locale\" content=\"es_ES\" \/>\n<meta property=\"og:type\" content=\"article\" \/>\n<meta property=\"og:title\" content=\"Terma Solar 120 Litros | Termas Girasol\" \/>\n<meta property=\"og:description\" content=\"Venta de termas solares Girasol 120 L con base en Arequipa. Acero inoxidable, cobre y soldadura TIG. Agua caliente confiable y ahorro energ\u00e9tico\" \/>\n<meta property=\"og:url\" content=\"https:\/\/www.termasgirasol.com\/index.php\/producto\/terma-solar-120-litros\/\" \/>\n<meta property=\"og:site_name\" content=\"Termas Girasol\" \/>\n<meta property=\"article:publisher\" content=\"https:\/\/www.facebook.com\/TermasGirasol.Arequipa\/\" \/>\n<meta property=\"article:modified_time\" content=\"2026-04-27T09:45:48+00:00\" \/>\n<meta property=\"og:image\" content=\"https:\/\/www.termasgirasol.com\/wp-content\/uploads\/2020\/05\/FICHA-TERMA-120L-new.png\" \/>\n\t<meta property=\"og:image:width\" content=\"1000\" \/>\n\t<meta property=\"og:image:height\" content=\"1000\" \/>\n\t<meta property=\"og:image:type\" content=\"image\/png\" \/>\n<meta name=\"twitter:card\" content=\"summary_large_image\" \/>\n<meta name=\"twitter:label1\" content=\"Tiempo de lectura\" \/>\n\t<meta name=\"twitter:data1\" content=\"2 minutos\" \/>\n<script type=\"application\/ld+json\" class=\"yoast-schema-graph\">{\"@context\":\"https:\\\/\\\/schema.org\",\"@graph\":[{\"@type\":\"WebPage\",\"@id\":\"https:\\\/\\\/www.termasgirasol.com\\\/index.php\\\/producto\\\/terma-solar-120-litros\\\/\",\"url\":\"https:\\\/\\\/www.termasgirasol.com\\\/index.php\\\/producto\\\/terma-solar-120-litros\\\/\",\"name\":\"Terma Solar 120 Litros | Termas Girasol\",\"isPartOf\":{\"@id\":\"https:\\\/\\\/www.termasgirasol.com\\\/#website\"},\"primaryImageOfPage\":{\"@id\":\"https:\\\/\\\/www.termasgirasol.com\\\/index.php\\\/producto\\\/terma-solar-120-litros\\\/#primaryimage\"},\"image\":{\"@id\":\"https:\\\/\\\/www.termasgirasol.com\\\/index.php\\\/producto\\\/terma-solar-120-litros\\\/#primaryimage\"},\"thumbnailUrl\":\"https:\\\/\\\/www.termasgirasol.com\\\/wp-content\\\/uploads\\\/2020\\\/05\\\/FICHA-TERMA-120L-new.png\",\"datePublished\":\"2020-05-07T20:48:55+00:00\",\"dateModified\":\"2026-04-27T09:45:48+00:00\",\"description\":\"Venta de termas solares Girasol 120 L con base en Arequipa. Acero inoxidable, cobre y soldadura TIG. Agua caliente confiable y ahorro energ\u00e9tico\",\"breadcrumb\":{\"@id\":\"https:\\\/\\\/www.termasgirasol.com\\\/index.php\\\/producto\\\/terma-solar-120-litros\\\/#breadcrumb\"},\"inLanguage\":\"es\",\"potentialAction\":[{\"@type\":\"ReadAction\",\"target\":[\"https:\\\/\\\/www.termasgirasol.com\\\/index.php\\\/producto\\\/terma-solar-120-litros\\\/\"]}]},{\"@type\":\"ImageObject\",\"inLanguage\":\"es\",\"@id\":\"https:\\\/\\\/www.termasgirasol.com\\\/index.php\\\/producto\\\/terma-solar-120-litros\\\/#primaryimage\",\"url\":\"https:\\\/\\\/www.termasgirasol.com\\\/wp-content\\\/uploads\\\/2020\\\/05\\\/FICHA-TERMA-120L-new.png\",\"contentUrl\":\"https:\\\/\\\/www.termasgirasol.com\\\/wp-content\\\/uploads\\\/2020\\\/05\\\/FICHA-TERMA-120L-new.png\",\"width\":1000,\"height\":1000},{\"@type\":\"BreadcrumbList\",\"@id\":\"https:\\\/\\\/www.termasgirasol.com\\\/index.php\\\/producto\\\/terma-solar-120-litros\\\/#breadcrumb\",\"itemListElement\":[{\"@type\":\"ListItem\",\"position\":1,\"name\":\"Portada\",\"item\":\"https:\\\/\\\/www.termasgirasol.com\\\/\"},{\"@type\":\"ListItem\",\"position\":2,\"name\":\"Tienda\",\"item\":\"https:\\\/\\\/www.termasgirasol.com\\\/index.php\\\/products\\\/\"},{\"@type\":\"ListItem\",\"position\":3,\"name\":\"Terma Solar 120 Litros\"}]},{\"@type\":\"WebSite\",\"@id\":\"https:\\\/\\\/www.termasgirasol.com\\\/#website\",\"url\":\"https:\\\/\\\/www.termasgirasol.com\\\/\",\"name\":\"Termas Girasol\",\"description\":\"Termas Girasol en Arequipa: fabricamos y vendemos nuestras propias termas solares de acero inoxidable y cobre. Agua caliente confiable, ahorro energ\u00e9tico y durabilidad para hogares y negocios.\",\"publisher\":{\"@id\":\"https:\\\/\\\/www.termasgirasol.com\\\/#organization\"},\"potentialAction\":[{\"@type\":\"SearchAction\",\"target\":{\"@type\":\"EntryPoint\",\"urlTemplate\":\"https:\\\/\\\/www.termasgirasol.com\\\/?s={search_term_string}\"},\"query-input\":{\"@type\":\"PropertyValueSpecification\",\"valueRequired\":true,\"valueName\":\"search_term_string\"}}],\"inLanguage\":\"es\"},{\"@type\":\"Organization\",\"@id\":\"https:\\\/\\\/www.termasgirasol.com\\\/#organization\",\"name\":\"Termas Girasol\",\"url\":\"https:\\\/\\\/www.termasgirasol.com\\\/\",\"logo\":{\"@type\":\"ImageObject\",\"inLanguage\":\"es\",\"@id\":\"https:\\\/\\\/www.termasgirasol.com\\\/#\\\/schema\\\/logo\\\/image\\\/\",\"url\":\"https:\\\/\\\/www.termasgirasol.com\\\/wp-content\\\/uploads\\\/2026\\\/04\\\/LOGOTIPO-TERMAS-GIRASOL.jpg\",\"contentUrl\":\"https:\\\/\\\/www.termasgirasol.com\\\/wp-content\\\/uploads\\\/2026\\\/04\\\/LOGOTIPO-TERMAS-GIRASOL.jpg\",\"width\":1531,\"height\":495,\"caption\":\"Termas Girasol\"},\"image\":{\"@id\":\"https:\\\/\\\/www.termasgirasol.com\\\/#\\\/schema\\\/logo\\\/image\\\/\"},\"sameAs\":[\"https:\\\/\\\/www.facebook.com\\\/TermasGirasol.Arequipa\\\/\"]}]}<\/script>\n<!-- \/ Yoast SEO plugin. -->","yoast_head_json":{"title":"Terma Solar 120 Litros | Termas Girasol","description":"Venta de termas solares Girasol 120 L con base en Arequipa. Acero inoxidable, cobre y soldadura TIG. Agua caliente confiable y ahorro energ\u00e9tico","robots":{"index":"index","follow":"follow","max-snippet":"max-snippet:-1","max-image-preview":"max-image-preview:large","max-video-preview":"max-video-preview:-1"},"canonical":"https:\/\/www.termasgirasol.com\/index.php\/producto\/terma-solar-120-litros\/","og_locale":"es_ES","og_type":"article","og_title":"Terma Solar 120 Litros | Termas Girasol","og_description":"Venta de termas solares Girasol 120 L con base en Arequipa. Acero inoxidable, cobre y soldadura TIG. Agua caliente confiable y ahorro energ\u00e9tico","og_url":"https:\/\/www.termasgirasol.com\/index.php\/producto\/terma-solar-120-litros\/","og_site_name":"Termas Girasol","article_publisher":"https:\/\/www.facebook.com\/TermasGirasol.Arequipa\/","article_modified_time":"2026-04-27T09:45:48+00:00","og_image":[{"width":1000,"height":1000,"url":"https:\/\/www.termasgirasol.com\/wp-content\/uploads\/2020\/05\/FICHA-TERMA-120L-new.png","type":"image\/png"}],"twitter_card":"summary_large_image","twitter_misc":{"Tiempo de lectura":"2 minutos"},"schema":{"@context":"https:\/\/schema.org","@graph":[{"@type":"WebPage","@id":"https:\/\/www.termasgirasol.com\/index.php\/producto\/terma-solar-120-litros\/","url":"https:\/\/www.termasgirasol.com\/index.php\/producto\/terma-solar-120-litros\/","name":"Terma Solar 120 Litros | Termas Girasol","isPartOf":{"@id":"https:\/\/www.termasgirasol.com\/#website"},"primaryImageOfPage":{"@id":"https:\/\/www.termasgirasol.com\/index.php\/producto\/terma-solar-120-litros\/#primaryimage"},"image":{"@id":"https:\/\/www.termasgirasol.com\/index.php\/producto\/terma-solar-120-litros\/#primaryimage"},"thumbnailUrl":"https:\/\/www.termasgirasol.com\/wp-content\/uploads\/2020\/05\/FICHA-TERMA-120L-new.png","datePublished":"2020-05-07T20:48:55+00:00","dateModified":"2026-04-27T09:45:48+00:00","description":"Venta de termas solares Girasol 120 L con base en Arequipa. Acero inoxidable, cobre y soldadura TIG. Agua caliente confiable y ahorro energ\u00e9tico","breadcrumb":{"@id":"https:\/\/www.termasgirasol.com\/index.php\/producto\/terma-solar-120-litros\/#breadcrumb"},"inLanguage":"es","potentialAction":[{"@type":"ReadAction","target":["https:\/\/www.termasgirasol.com\/index.php\/producto\/terma-solar-120-litros\/"]}]},{"@type":"ImageObject","inLanguage":"es","@id":"https:\/\/www.termasgirasol.com\/index.php\/producto\/terma-solar-120-litros\/#primaryimage","url":"https:\/\/www.termasgirasol.com\/wp-content\/uploads\/2020\/05\/FICHA-TERMA-120L-new.png","contentUrl":"https:\/\/www.termasgirasol.com\/wp-content\/uploads\/2020\/05\/FICHA-TERMA-120L-new.png","width":1000,"height":1000},{"@type":"BreadcrumbList","@id":"https:\/\/www.termasgirasol.com\/index.php\/producto\/terma-solar-120-litros\/#breadcrumb","itemListElement":[{"@type":"ListItem","position":1,"name":"Portada","item":"https:\/\/www.termasgirasol.com\/"},{"@type":"ListItem","position":2,"name":"Tienda","item":"https:\/\/www.termasgirasol.com\/index.php\/products\/"},{"@type":"ListItem","position":3,"name":"Terma Solar 120 Litros"}]},{"@type":"WebSite","@id":"https:\/\/www.termasgirasol.com\/#website","url":"https:\/\/www.termasgirasol.com\/","name":"Termas Girasol","description":"Termas Girasol en Arequipa: fabricamos y vendemos nuestras propias termas solares de acero inoxidable y cobre. Agua caliente confiable, ahorro energ\u00e9tico y durabilidad para hogares y negocios.","publisher":{"@id":"https:\/\/www.termasgirasol.com\/#organization"},"potentialAction":[{"@type":"SearchAction","target":{"@type":"EntryPoint","urlTemplate":"https:\/\/www.termasgirasol.com\/?s={search_term_string}"},"query-input":{"@type":"PropertyValueSpecification","valueRequired":true,"valueName":"search_term_string"}}],"inLanguage":"es"},{"@type":"Organization","@id":"https:\/\/www.termasgirasol.com\/#organization","name":"Termas Girasol","url":"https:\/\/www.termasgirasol.com\/","logo":{"@type":"ImageObject","inLanguage":"es","@id":"https:\/\/www.termasgirasol.com\/#\/schema\/logo\/image\/","url":"https:\/\/www.termasgirasol.com\/wp-content\/uploads\/2026\/04\/LOGOTIPO-TERMAS-GIRASOL.jpg","contentUrl":"https:\/\/www.termasgirasol.com\/wp-content\/uploads\/2026\/04\/LOGOTIPO-TERMAS-GIRASOL.jpg","width":1531,"height":495,"caption":"Termas Girasol"},"image":{"@id":"https:\/\/www.termasgirasol.com\/#\/schema\/logo\/image\/"},"sameAs":["https:\/\/www.facebook.com\/TermasGirasol.Arequipa\/"]}]}},"_links":{"self":[{"href":"https:\/\/www.termasgirasol.com\/index.php\/wp-json\/wp\/v2\/product\/222","targetHints":{"allow":["GET"]}}],"collection":[{"href":"https:\/\/www.termasgirasol.com\/index.php\/wp-json\/wp\/v2\/product"}],"about":[{"href":"https:\/\/www.termasgirasol.com\/index.php\/wp-json\/wp\/v2\/types\/product"}],"wp:featuredmedia":[{"embeddable":true,"href":"https:\/\/www.termasgirasol.com\/index.php\/wp-json\/wp\/v2\/media\/1322"}],"wp:attachment":[{"href":"https:\/\/www.termasgirasol.com\/index.php\/wp-json\/wp\/v2\/media?parent=222"}],"wp:term":[{"taxonomy":"product_brand","embeddable":true,"href":"https:\/\/www.termasgirasol.com\/index.php\/wp-json\/wp\/v2\/product_brand?post=222"},{"taxonomy":"product_cat","embeddable":true,"href":"https:\/\/www.termasgirasol.com\/index.php\/wp-json\/wp\/v2\/product_cat?post=222"},{"taxonomy":"product_tag","embeddable":true,"href":"https:\/\/www.termasgirasol.com\/index.php\/wp-json\/wp\/v2\/product_tag?post=222"}],"curies":[{"name":"wp","href":"https:\/\/api.w.org\/{rel}","templated":true}]}}